{"id":14,"date":"2025-02-06T21:36:51","date_gmt":"2025-02-06T20:36:51","guid":{"rendered":"https:\/\/online-filmkatarzis.com\/kucko\/napiinfok\/?page_id=14"},"modified":"2025-02-06T21:36:51","modified_gmt":"2025-02-06T20:36:51","slug":"kapcsolat","status":"publish","type":"page","link":"https:\/\/online-filmkatarzis.com\/kucko\/napiinfok\/?page_id=14","title":{"rendered":"Kapcsolat"},"content":{"rendered":"<div id=\"tps_slideContainer_20\" class=\"theiaPostSlider_slides\">\n<div class=\"theiaPostSlider_preloadedSlide\">\n<p>K\u00e9rj\u00fck, vegye figyelembe, hogy weboldalunk kiz\u00e1r\u00f3lag t\u00e1j\u00e9koztat\u00f3 jelleg\u0171 inform\u00e1ci\u00f3kat k\u00f6z\u00f6l.<br \/>\nAmennyiben konkr\u00e9t betegs\u00e9ggel van probl\u00e9m\u00e1ja vagy k\u00e9rd\u00e9se mer\u00fcl fel, keresse fel kezel\u0151orvos\u00e1t. Semmilyen m\u00e1s elj\u00e1r\u00e1s nem helyettes\u00edtheti az orvosi kezel\u00e9st.<\/p>\n<p>Nem v\u00e1llalunk felel\u0151ss\u00e9get az \u00e1ltalunk k\u00f6z\u00f6lt horoszk\u00f3pok \u00e9s j\u00f3slatok beteljes\u00fcl\u00e9s\u00e9\u00e9rt. El\u0151rejelz\u00e9seinkben nem hivatkozunk konkr\u00e9t esem\u00e9nyekre, mivel ezek csup\u00e1n j\u00f3slatok.<br \/>\nT\u00f6rt\u00e9neteinkben szerepl\u0151 karakterek kital\u00e1ltak.<\/p>\n<p>Ha \u00fagy \u00e9rzi, hogy az oldalon tal\u00e1lhat\u00f3 tartalom s\u00e9rti b\u00e1rki szerz\u0151i jogait, k\u00e9rj\u00fck vegye fel vel\u00fcnk a kapcsolatot az al\u00e1bbi e-mail c\u00edmen.<\/p>\n<p><strong>H\u00e1rs Zolt\u00e1n<\/strong><br \/>\n<strong>Kapcsolat: hirekinfo@proton.me<\/strong><\/p>\n<p>Eur\u00f3pska, 076 36 Nagyk\u00f6vesd, Szlov\u00e1kia<\/p>\n<p>Az esetleges illet\u00e9ktelen publik\u00e1ci\u00f3kat halad\u00e9ktalanul korrig\u00e1ljuk.<\/p>\n<\/div>\n<\/div>\n","protected":false},"excerpt":{"rendered":"<p>K\u00e9rj\u00fck, vegye figyelembe, hogy weboldalunk kiz\u00e1r\u00f3lag t\u00e1j\u00e9koztat\u00f3 jelleg\u0171 inform\u00e1ci\u00f3kat k\u00f6z\u00f6l. Amennyiben konkr\u00e9t betegs\u00e9ggel van probl\u00e9m\u00e1ja vagy k\u00e9rd\u00e9se mer\u00fcl fel, keresse&#8230; <span class=\"gridview-grid-post-read-more\"><a href=\"https:\/\/online-filmkatarzis.com\/kucko\/napiinfok\/?page_id=14\">read more<span class=\"gridview-sr-only\"> Kapcsolat<\/span><\/a><\/span><\/p>\n","protected":false},"author":1,"featured_media":0,"parent":0,"menu_order":0,"comment_status":"closed","ping_status":"closed","template":"","meta":{"footnotes":""},"class_list":["post-14","page","type-page","status-publish","hentry"],"_links":{"self":[{"href":"https:\/\/online-filmkatarzis.com\/kucko\/napiinfok\/index.php?rest_route=\/wp\/v2\/pages\/14","targetHints":{"allow":["GET"]}}],"collection":[{"href":"https:\/\/online-filmkatarzis.com\/kucko\/napiinfok\/index.php?rest_route=\/wp\/v2\/pages"}],"about":[{"href":"https:\/\/online-filmkatarzis.com\/kucko\/napiinfok\/index.php?rest_route=\/wp\/v2\/types\/page"}],"author":[{"embeddable":true,"href":"https:\/\/online-filmkatarzis.com\/kucko\/napiinfok\/index.php?rest_route=\/wp\/v2\/users\/1"}],"replies":[{"embeddable":true,"href":"https:\/\/online-filmkatarzis.com\/kucko\/napiinfok\/index.php?rest_route=%2Fwp%2Fv2%2Fcomments&post=14"}],"version-history":[{"count":1,"href":"https:\/\/online-filmkatarzis.com\/kucko\/napiinfok\/index.php?rest_route=\/wp\/v2\/pages\/14\/revisions"}],"predecessor-version":[{"id":15,"href":"https:\/\/online-filmkatarzis.com\/kucko\/napiinfok\/index.php?rest_route=\/wp\/v2\/pages\/14\/revisions\/15"}],"wp:attachment":[{"href":"https:\/\/online-filmkatarzis.com\/kucko\/napiinfok\/index.php?rest_route=%2Fwp%2Fv2%2Fmedia&parent=14"}],"curies":[{"name":"wp","href":"https:\/\/api.w.org\/{rel}","templated":true}]}}