{"id":16,"date":"2024-11-25T10:53:30","date_gmt":"2024-11-25T09:53:30","guid":{"rendered":"https:\/\/online-filmkatarzis.com\/kucko\/?page_id=16"},"modified":"2025-01-01T10:52:12","modified_gmt":"2025-01-01T09:52:12","slug":"jogi-nyilatkozat","status":"publish","type":"page","link":"https:\/\/online-filmkatarzis.com\/kucko\/jogi-nyilatkozat\/","title":{"rendered":"Jogi nyilatkozat"},"content":{"rendered":"<p>K\u00e9rj\u00fck, vegye figyelembe, hogy weboldalunk kiz\u00e1r\u00f3lag t\u00e1j\u00e9koztat\u00f3 jelleg\u0171 inform\u00e1ci\u00f3kat k\u00f6z\u00f6l.<br \/>\nAmennyiben konkr\u00e9t betegs\u00e9ggel van probl\u00e9m\u00e1ja vagy k\u00e9rd\u00e9se mer\u00fcl fel, keresse fel kezel\u0151orvos\u00e1t. Semmilyen m\u00e1s elj\u00e1r\u00e1s nem helyettes\u00edtheti az orvosi kezel\u00e9st.<\/p>\n<p>Nem v\u00e1llalunk felel\u0151ss\u00e9get az \u00e1ltalunk k\u00f6z\u00f6lt horoszk\u00f3pok \u00e9s j\u00f3slatok beteljes\u00fcl\u00e9s\u00e9\u00e9rt. El\u0151rejelz\u00e9seinkben nem hivatkozunk konkr\u00e9t esem\u00e9nyekre, mivel ezek csup\u00e1n j\u00f3slatok.<br \/>\nT\u00f6rt\u00e9neteinkben szerepl\u0151 karakterek kital\u00e1ltak.<\/p>\n<p>Oldalunk a pontos \u00e9s hiteles inform\u00e1ci\u00f3k k\u00f6zl\u00e9s\u00e9re, t\u00e1j\u00e9koztat\u00e1s megad\u00e1s\u00e1ra t\u00f6rekszik, de a k\u00f6zl\u00e9sb\u0151l, t\u00e1j\u00e9koztat\u00e1sb\u00f3l fakad\u00f3 esetleges k\u00e1rok\u00e9rt felel\u0151ss\u00e9get, helyt\u00e1ll\u00e1st nem v\u00e1llal.<\/p>\n<p>Ha \u00fagy \u00e9rzi, hogy az oldalon tal\u00e1lhat\u00f3 tartalom s\u00e9rti b\u00e1rki szerz\u0151i jogait, k\u00e9rj\u00fck vegye fel vel\u00fcnk a kapcsolatot az al\u00e1bbi e-mail c\u00edmen.<br \/>\n<strong>Kapcsolat: hirekinfo@proton.me<\/strong><\/p>\n<p>Az esetleges illet\u00e9ktelen publik\u00e1ci\u00f3kat halad\u00e9ktalanul korrig\u00e1ljuk.<\/p>\n<p>&#8212; WEBOLDALUNK CSUP\u00c1N HOBBY BLOG! NEM H\u00cdR \u00c9S M\u00c9DIA OLDAL!<\/p>\n","protected":false},"excerpt":{"rendered":"<p>K\u00e9rj\u00fck, vegye figyelembe, hogy weboldalunk kiz\u00e1r\u00f3lag t\u00e1j\u00e9koztat\u00f3 jelleg\u0171 inform\u00e1ci\u00f3kat k\u00f6z\u00f6l. Amennyiben konkr\u00e9t betegs\u00e9ggel van probl\u00e9m\u00e1ja vagy k\u00e9rd\u00e9se mer\u00fcl fel, keresse fel kezel\u0151orvos\u00e1t. Semmilyen m\u00e1s elj\u00e1r\u00e1s nem helyettes\u00edtheti az orvosi kezel\u00e9st. Nem v\u00e1llalunk&#8230;<\/p>\n","protected":false},"author":1,"featured_media":0,"parent":0,"menu_order":0,"comment_status":"closed","ping_status":"closed","template":"","meta":{"footnotes":""},"class_list":["post-16","page","type-page","status-publish","hentry"],"aioseo_notices":[],"_links":{"self":[{"href":"https:\/\/online-filmkatarzis.com\/kucko\/wp-json\/wp\/v2\/pages\/16","targetHints":{"allow":["GET"]}}],"collection":[{"href":"https:\/\/online-filmkatarzis.com\/kucko\/wp-json\/wp\/v2\/pages"}],"about":[{"href":"https:\/\/online-filmkatarzis.com\/kucko\/wp-json\/wp\/v2\/types\/page"}],"author":[{"embeddable":true,"href":"https:\/\/online-filmkatarzis.com\/kucko\/wp-json\/wp\/v2\/users\/1"}],"replies":[{"embeddable":true,"href":"https:\/\/online-filmkatarzis.com\/kucko\/wp-json\/wp\/v2\/comments?post=16"}],"version-history":[{"count":2,"href":"https:\/\/online-filmkatarzis.com\/kucko\/wp-json\/wp\/v2\/pages\/16\/revisions"}],"predecessor-version":[{"id":1329,"href":"https:\/\/online-filmkatarzis.com\/kucko\/wp-json\/wp\/v2\/pages\/16\/revisions\/1329"}],"wp:attachment":[{"href":"https:\/\/online-filmkatarzis.com\/kucko\/wp-json\/wp\/v2\/media?parent=16"}],"curies":[{"name":"wp","href":"https:\/\/api.w.org\/{rel}","templated":true}]}}